{"id":1848,"date":"2026-03-18T02:14:12","date_gmt":"2026-03-18T02:14:12","guid":{"rendered":"https:\/\/finch-properties.de\/?page_id=1848"},"modified":"2026-03-18T02:14:12","modified_gmt":"2026-03-18T02:14:12","slug":"entdecken-sie-die-spannende-welt-der-slots-mit-riesigen-jackpots-denn-unser-online-casino-paysafe-bietet-ihnen-eine-sichere-und-zuverlassige-spielumgebung-fur-endlosen-spas","status":"publish","type":"page","link":"https:\/\/finch-properties.de\/?page_id=1848","title":{"rendered":"<div style=\"position: absolute; left: -7566px;\"><p>Entdecken Sie die spannende Welt der Slots mit riesigen Jackpots, denn unser <a href=\"https:\/\/www.weissesross-neuses.de\/\">online casino paysafe<\/a> bietet Ihnen eine sichere und zuverl\u00e4ssige Spielumgebung f\u00fcr endlosen Spa\u00df.<\/p><\/div>"},"content":{"rendered":"","protected":false},"excerpt":{"rendered":"","protected":false},"author":16,"featured_media":0,"parent":0,"menu_order":0,"comment_status":"closed","ping_status":"closed","template":"","meta":{"footnotes":""},"class_list":["post-1848","page","type-page","status-publish","hentry"],"yoast_head":"<!-- This site is optimized with the Yoast SEO plugin v23.8 - https:\/\/yoast.com\/wordpress\/plugins\/seo\/ -->\n<title>Entdecken Sie die spannende Welt der Slots mit riesigen Jackpots, denn unser online casino paysafe bietet Ihnen eine sichere und zuverl\u00e4ssige Spielumgebung f\u00fcr endlosen Spa\u00df. - Finch Properties<\/title>\n<meta name=\"robots\" content=\"index, follow, max-snippet:-1, max-image-preview:large, max-video-preview:-1\" \/>\n<link rel=\"canonical\" href=\"https:\/\/finch-properties.de\/?page_id=1848\" \/>\n<meta property=\"og:locale\" content=\"en_US\" \/>\n<meta property=\"og:type\" content=\"article\" \/>\n<meta property=\"og:title\" content=\"Entdecken Sie die spannende Welt der Slots mit riesigen Jackpots, denn unser online casino paysafe bietet Ihnen eine sichere und zuverl\u00e4ssige Spielumgebung f\u00fcr endlosen Spa\u00df. - Finch Properties\" \/>\n<meta property=\"og:url\" content=\"https:\/\/finch-properties.de\/?page_id=1848\" \/>\n<meta property=\"og:site_name\" content=\"Finch Properties\" \/>\n<meta name=\"twitter:card\" content=\"summary_large_image\" \/>\n<script type=\"application\/ld+json\" class=\"yoast-schema-graph\">{\"@context\":\"https:\/\/schema.org\",\"@graph\":[{\"@type\":\"WebPage\",\"@id\":\"https:\/\/finch-properties.de\/?page_id=1848\",\"url\":\"https:\/\/finch-properties.de\/?page_id=1848\",\"name\":\"Entdecken Sie die spannende Welt der Slots mit riesigen Jackpots, denn unser online casino paysafe bietet Ihnen eine sichere und zuverl\u00e4ssige Spielumgebung f\u00fcr endlosen Spa\u00df. - Finch Properties\",\"isPartOf\":{\"@id\":\"https:\/\/finch-properties.de\/#website\"},\"datePublished\":\"2026-03-18T02:14:12+00:00\",\"dateModified\":\"2026-03-18T02:14:12+00:00\",\"breadcrumb\":{\"@id\":\"https:\/\/finch-properties.de\/?page_id=1848#breadcrumb\"},\"inLanguage\":\"en-US\",\"potentialAction\":[{\"@type\":\"ReadAction\",\"target\":[\"https:\/\/finch-properties.de\/?page_id=1848\"]}]},{\"@type\":\"BreadcrumbList\",\"@id\":\"https:\/\/finch-properties.de\/?page_id=1848#breadcrumb\",\"itemListElement\":[{\"@type\":\"ListItem\",\"position\":1,\"name\":\"Home\",\"item\":\"https:\/\/finch-properties.de\/\"},{\"@type\":\"ListItem\",\"position\":2,\"name\":\"Entdecken Sie die spannende Welt der Slots mit riesigen Jackpots, denn unser online casino paysafe bietet Ihnen eine sichere und zuverl\u00e4ssige Spielumgebung f\u00fcr endlosen Spa\u00df.\"}]},{\"@type\":\"WebSite\",\"@id\":\"https:\/\/finch-properties.de\/#website\",\"url\":\"https:\/\/finch-properties.de\/\",\"name\":\"Finch Properties\",\"description\":\"Investment- &amp; Asset Management\",\"potentialAction\":[{\"@type\":\"SearchAction\",\"target\":{\"@type\":\"EntryPoint\",\"urlTemplate\":\"https:\/\/finch-properties.de\/?s={search_term_string}\"},\"query-input\":{\"@type\":\"PropertyValueSpecification\",\"valueRequired\":true,\"valueName\":\"search_term_string\"}}],\"inLanguage\":\"en-US\"}]}<\/script>\n<!-- \/ Yoast SEO plugin. -->","yoast_head_json":{"title":"Entdecken Sie die spannende Welt der Slots mit riesigen Jackpots, denn unser online casino paysafe bietet Ihnen eine sichere und zuverl\u00e4ssige Spielumgebung f\u00fcr endlosen Spa\u00df. - Finch Properties","robots":{"index":"index","follow":"follow","max-snippet":"max-snippet:-1","max-image-preview":"max-image-preview:large","max-video-preview":"max-video-preview:-1"},"canonical":"https:\/\/finch-properties.de\/?page_id=1848","og_locale":"en_US","og_type":"article","og_title":"Entdecken Sie die spannende Welt der Slots mit riesigen Jackpots, denn unser online casino paysafe bietet Ihnen eine sichere und zuverl\u00e4ssige Spielumgebung f\u00fcr endlosen Spa\u00df. - Finch Properties","og_url":"https:\/\/finch-properties.de\/?page_id=1848","og_site_name":"Finch Properties","twitter_card":"summary_large_image","schema":{"@context":"https:\/\/schema.org","@graph":[{"@type":"WebPage","@id":"https:\/\/finch-properties.de\/?page_id=1848","url":"https:\/\/finch-properties.de\/?page_id=1848","name":"Entdecken Sie die spannende Welt der Slots mit riesigen Jackpots, denn unser online casino paysafe bietet Ihnen eine sichere und zuverl\u00e4ssige Spielumgebung f\u00fcr endlosen Spa\u00df. - Finch Properties","isPartOf":{"@id":"https:\/\/finch-properties.de\/#website"},"datePublished":"2026-03-18T02:14:12+00:00","dateModified":"2026-03-18T02:14:12+00:00","breadcrumb":{"@id":"https:\/\/finch-properties.de\/?page_id=1848#breadcrumb"},"inLanguage":"en-US","potentialAction":[{"@type":"ReadAction","target":["https:\/\/finch-properties.de\/?page_id=1848"]}]},{"@type":"BreadcrumbList","@id":"https:\/\/finch-properties.de\/?page_id=1848#breadcrumb","itemListElement":[{"@type":"ListItem","position":1,"name":"Home","item":"https:\/\/finch-properties.de\/"},{"@type":"ListItem","position":2,"name":"Entdecken Sie die spannende Welt der Slots mit riesigen Jackpots, denn unser online casino paysafe bietet Ihnen eine sichere und zuverl\u00e4ssige Spielumgebung f\u00fcr endlosen Spa\u00df."}]},{"@type":"WebSite","@id":"https:\/\/finch-properties.de\/#website","url":"https:\/\/finch-properties.de\/","name":"Finch Properties","description":"Investment- &amp; Asset Management","potentialAction":[{"@type":"SearchAction","target":{"@type":"EntryPoint","urlTemplate":"https:\/\/finch-properties.de\/?s={search_term_string}"},"query-input":{"@type":"PropertyValueSpecification","valueRequired":true,"valueName":"search_term_string"}}],"inLanguage":"en-US"}]}},"_links":{"self":[{"href":"https:\/\/finch-properties.de\/index.php?rest_route=\/wp\/v2\/pages\/1848","targetHints":{"allow":["GET"]}}],"collection":[{"href":"https:\/\/finch-properties.de\/index.php?rest_route=\/wp\/v2\/pages"}],"about":[{"href":"https:\/\/finch-properties.de\/index.php?rest_route=\/wp\/v2\/types\/page"}],"author":[{"embeddable":true,"href":"https:\/\/finch-properties.de\/index.php?rest_route=\/wp\/v2\/users\/16"}],"replies":[{"embeddable":true,"href":"https:\/\/finch-properties.de\/index.php?rest_route=%2Fwp%2Fv2%2Fcomments&post=1848"}],"version-history":[{"count":1,"href":"https:\/\/finch-properties.de\/index.php?rest_route=\/wp\/v2\/pages\/1848\/revisions"}],"predecessor-version":[{"id":1850,"href":"https:\/\/finch-properties.de\/index.php?rest_route=\/wp\/v2\/pages\/1848\/revisions\/1850"}],"wp:attachment":[{"href":"https:\/\/finch-properties.de\/index.php?rest_route=%2Fwp%2Fv2%2Fmedia&parent=1848"}],"curies":[{"name":"wp","href":"https:\/\/api.w.org\/{rel}","templated":true}]}}